{"id":977,"date":"2015-05-02T17:03:52","date_gmt":"2015-05-02T17:03:52","guid":{"rendered":"http:\/\/fundacao-algarvia.pt\/inicio\/?page_id=977"},"modified":"2016-09-20T17:26:14","modified_gmt":"2016-09-20T17:26:14","slug":"faqs","status":"publish","type":"page","link":"https:\/\/fundacao-algarvia.pt\/inicio\/faqs\/","title":{"rendered":"FAQ&#8217;s"},"content":{"rendered":"<div style=\"text-align:justify\">\r\n<h3>FAQ&#8217;s<\/h3>\r\n\n<div class=\"uk-accordion uk-text-left \" data-uk-accordion>\n\n\n    <h3 class=\"uk-accordion-title\">Sa\u00fade<\/h3>\n\n    <div class=\"uk-accordion-content\">\n\n        \n        \n        \n                <div class=\"uk-margin\"><dl>\n  <dt><b>A UCCI de Milreu pertence \u00e0 Rede Nacional de Cuidados Continuados?<\/b><\/dt>\n  <dd>R: Sim, \u00e9 uma Unidade de Longa Dura\u00e7\u00e3o e Manuten\u00e7\u00e3o onde s\u00e3o admitidos utentes com necessidade de internamento por per\u00edodo superior a 90 dias ou para Descanso do Cuidador.<br><br><\/dd>\n  <dt><b>Como pode um familiar meu integrar a Rede Nacional de Cuidados Continuados?<\/b><\/dt>\n  <dd>R: Caso preencha determinados requisitos cl\u00ednicos os utentes s\u00e3o referenciados pelo m\u00e9dico de fam\u00edlia, caso se encontrem no domicilio, ou pela EGA (Equipa de Gest\u00e3o de Altas) caso esteja no hospital.<br><br><\/dd>\n<dt><b>Qual o montante da di\u00e1ria que o meu familiar vai pagar?<\/b><\/dt>\n  <dd>R: O c\u00e1lculo \u00e9 feito com base nos rendimentos e patrim\u00f3nio do agregado familiar pelos Servi\u00e7os da Seguran\u00e7a Social.<br><br><\/dd>\n<dt><b>De que forma posso ajudar a Funda\u00e7\u00e3o Algarvia?<\/b><\/dt>\n  <dd>R: Para al\u00e9m dos donativos que se traduzem em benef\u00edcios fiscais para quem contribua, pode tamb\u00e9m fazer, aquando a entrega da declara\u00e7\u00e3o de IRS e ao abrigo do artigo 32.\u00ba, n.\u00ba 6, da Lei de Liberdade Religiosa e Portaria n.\u00ba 80\/2003, de 22 de Janeiro, a consigna\u00e7\u00e3o dos 0,5% do imposto sobre o rendimento das pessoas singulares, sem qualquer custo ou despesa para o contribuinte.\n<br>\nEm vez de esse valor ficar para o Estado, \u00e9 atribu\u00eddo \u00e0 Funda\u00e7\u00e3o Algarvia como IPSS. \n<br><br>\nTamb\u00e9m poder\u00e1 doar equipamentos para os nossos espa\u00e7os exteriores, roupa e outros objetos que poderemos promover nas quermesses que organizamos.\n<br><br>\nTodos os contributos s\u00e3o preciosos e reconhecidos!<br><br>\n<\/dd>\n<dt><b>Quais os projetos futuros da Funda\u00e7\u00e3o Algarvia?<\/b><\/dt>\n  <dd>R: S\u00e3o muitos os projetos que a Funda\u00e7\u00e3o Algarvia quer ver realizados a breve trecho:\n<ul>\n\t<li>Apoio domicili\u00e1rio p\u00fablico<\/li>\n\t<li>Apoio domicili\u00e1rio privado<\/li>\n\t<li>Servi\u00e7o transporte de doentes<\/li>\n\t<li>Consultas clinicas e de reabilita\u00e7\u00e3o<\/li>\n\t<li>Apoio ao cuidador informal<\/li>\n\t<li>Aluguer de equipamento clinico<\/li>\n\t<li>Forma\u00e7\u00e3o financiada e n\u00e3o financiada<\/li>\n\t<li>Organiza\u00e7\u00e3o de palestras e eventos culturais<\/li>\n\t<li>Cria\u00e7\u00e3o de uma liga de amigos da Funda\u00e7\u00e3o Algarvia com benef\u00edcios na presta\u00e7\u00e3o de servi\u00e7os para os associados<\/li>\n\t<li>Refeit\u00f3rio social<\/li>\n<\/ul>\n\nO sonho comanda a vida e a esperan\u00e7a est\u00e1 no futuro e na ajuda \u00e0 comunidade!\n<br><br>\n<\/dd>\n<dt><b>A Funda\u00e7\u00e3o Algarvia tem protocolos de colabora\u00e7\u00e3o com outras entidades?<\/b><\/dt>\n  <dd>R: Existem v\u00e1rias parcerias com o IEFP, a Universidade do Algarve, a Escola Superior de Enfermagem, o Instituto Piaget, o Agrupamento de Escolas Pinheiro e Rosa e a Escola Secund\u00e1ria Tom\u00e1s Cabreira, pois recebemos est\u00e1gios em diversas \u00e1reas de todas estas institui\u00e7\u00f5es.<br><br><\/dd>\n<dt><b>A Funda\u00e7\u00e3o Algarvia tem algum espa\u00e7o equipado que possa arrendar para promover confer\u00eancias ou forma\u00e7\u00f5es?<\/b><\/dt>\n  <dd>R: Sim a Funda\u00e7\u00e3o disp\u00f5e de um Centro de Forma\u00e7\u00e3o com sala equipada com quadros, videoprojector, mesas e cadeiras para 25 pessoas, localizado na Av. da Rep\u00fablica Federal Alem\u00e3, junto ao est\u00e1dio de S. Lu\u00eds. Para marca\u00e7\u00e3o ou visita do espa\u00e7o contacte atrav\u00e9s do e-mail <a class=\"uk-link-muted\" href=\"mailto:geral@fundacao-algarvia.pt\">geral@fundacao-algarvia.pt<\/a> ou do telefone 289806176.<br><br><\/dd>\n<\/dl><\/div>\n        \n        \n        \n        \n    <\/div>\n\n\n    <h3 class=\"uk-accordion-title\">Educa\u00e7\u00e3o<\/h3>\n\n    <div class=\"uk-accordion-content\">\n\n        \n        \n        \n                <div class=\"uk-margin\"><dl>\n  <dt><b>A partir de que idade as crian\u00e7as podem frequentar a Creche? O Jardim de Inf\u00e2ncia? O Centro de Atividades de Tempos Livres ?<\/b><\/dt>\n  <dd>R: A val\u00eancia Creche destina-se a crian\u00e7as com idades compreendidas entre os 3 meses e os 2 anos.<br>\nA val\u00eancia Jardim de Inf\u00e2ncia destina-se a crian\u00e7as com idades compreendidas entre os 3 anos e os 5 anos.<br>\nA val\u00eancia ATL  destina-se a crian\u00e7as que frequentem o 1\u00ba Ciclo do Ensino B\u00e1sico.<br><br><\/dd>\n  <dt><b>Qual o per\u00edodo de inscri\u00e7\u00f5es nas Creches, Jardins de Inf\u00e2ncia e ATL?<\/b><\/dt>\n  <dd>R: As Inscri\u00e7\u00f5es abrem dia 1 de janeiro de cada ano e terminam para as Creches e Jardins de Inf\u00e2ncia em 30 de abril e para o ATL no dia 30 de Junho.<br><br><\/dd>\n<dt><b>Como posso fazer a inscri\u00e7\u00e3o?<\/b><\/dt>\n  <dd>R: As inscri\u00e7\u00f5es podem ser feitas em qualquer balc\u00e3o administrativo, ou on-line em <a  class=\"uk-link-muted\" href=\"http:\/\/fundacao-algarvia.pt\/\">www.fundacao-algarvia.pt<\/a>.<br><br><\/dd>\n<dt><b>Antes de fazer a inscri\u00e7\u00e3o posso conhecer as instala\u00e7\u00f5es?<\/b><\/dt>\n  <dd>R: Os estabelecimentos podem ser visitados antes da realiza\u00e7\u00e3o das inscri\u00e7\u00f5es. Conv\u00e9m marcar previamente de forma que haja disponibilidade para acompanhamento da visita.\n<br>\n<\/dd>\n<\/dl><\/div>\n        \n        \n        \n        \n    <\/div>\n\n\n<\/div>\r\n\r\n<\/div>","protected":false},"excerpt":{"rendered":"<p>FAQ&#8217;s<\/p>\n","protected":false},"author":1,"featured_media":0,"parent":0,"menu_order":0,"comment_status":"closed","ping_status":"closed","template":"","meta":{"footnotes":""},"class_list":["post-977","page","type-page","status-publish","hentry"],"_links":{"self":[{"href":"https:\/\/fundacao-algarvia.pt\/inicio\/wp-json\/wp\/v2\/pages\/977","targetHints":{"allow":["GET"]}}],"collection":[{"href":"https:\/\/fundacao-algarvia.pt\/inicio\/wp-json\/wp\/v2\/pages"}],"about":[{"href":"https:\/\/fundacao-algarvia.pt\/inicio\/wp-json\/wp\/v2\/types\/page"}],"author":[{"embeddable":true,"href":"https:\/\/fundacao-algarvia.pt\/inicio\/wp-json\/wp\/v2\/users\/1"}],"replies":[{"embeddable":true,"href":"https:\/\/fundacao-algarvia.pt\/inicio\/wp-json\/wp\/v2\/comments?post=977"}],"version-history":[{"count":5,"href":"https:\/\/fundacao-algarvia.pt\/inicio\/wp-json\/wp\/v2\/pages\/977\/revisions"}],"predecessor-version":[{"id":1186,"href":"https:\/\/fundacao-algarvia.pt\/inicio\/wp-json\/wp\/v2\/pages\/977\/revisions\/1186"}],"wp:attachment":[{"href":"https:\/\/fundacao-algarvia.pt\/inicio\/wp-json\/wp\/v2\/media?parent=977"}],"curies":[{"name":"wp","href":"https:\/\/api.w.org\/{rel}","templated":true}]}}