{"id":975,"date":"2015-05-02T17:03:15","date_gmt":"2015-05-02T17:03:15","guid":{"rendered":"http:\/\/fundacao-algarvia.pt\/inicio\/?page_id=975"},"modified":"2018-02-08T21:02:02","modified_gmt":"2018-02-08T21:02:02","slug":"newsletter","status":"publish","type":"page","link":"https:\/\/fundacao-algarvia.pt\/inicio\/newsletter\/","title":{"rendered":"Newsletter"},"content":{"rendered":"<div style=\"text-align: justify;\">\r\n<h3>Newsletter<\/h3>\r\n<ul>\r\n \t<li><strong>2016<\/strong>\r\n<ul>\r\n \t<li><a class=\"uk-link-muted\" href=\"https:\/\/fundacao-algarvia.pt\/inicio\/wp-content\/uploads\/Newsletter-Funda\u00e7\u00e3o-Algarvia-Edi\u00e7\u00e3o-1.pdf\" target=\"_blank\" rel=\"noopener\">Edi\u00e7\u00e3o 1<\/a><\/li>\r\n \t<li><a class=\"uk-link-muted\" href=\"https:\/\/fundacao-algarvia.pt\/inicio\/wp-content\/uploads\/Newsletter-Funda\u00e7\u00e3o-Algarvia-Edi\u00e7\u00e3o-2.pdf\" target=\"_blank\" rel=\"noopener\">Edi\u00e7\u00e3o 2<\/a><\/li>\r\n \t<li><a class=\"uk-link-muted\" href=\"https:\/\/fundacao-algarvia.pt\/inicio\/wp-content\/uploads\/Newsletter-Funda\u00e7\u00e3o-Algarvia-Edi\u00e7\u00e3o-3.pdf\" target=\"_blank\" rel=\"noopener\">Edi\u00e7\u00e3o 3<\/a><\/li>\r\n<\/ul>\r\n<\/li>\r\n<\/ul>\r\n<\/div>\r\n<ul>\r\n \t<li><strong>2017<\/strong>\r\n<ul>\r\n \t<li><a class=\"uk-link-muted\" href=\"https:\/\/fundacao-algarvia.pt\/inicio\/wp-content\/uploads\/Newsletter-Funda\u00e7\u00e3o-Algarvia-Edi\u00e7\u00e3o-4.pdf\" target=\"_blank\" rel=\"noopener\">Edi\u00e7\u00e3o 4<\/a><\/li>\r\n \t<li><a href=\"https:\/\/fundacao-algarvia.pt\/inicio\/wp-content\/uploads\/Newsletter-Funda\u00e7\u00e3o-Algarvia-Edi\u00e7\u00e3o-5.pdf\" target=\"_blank\" rel=\"noopener\">Edi\u00e7\u00e3o 5<\/a><\/li>\r\n \t<li><a href=\"https:\/\/fundacao-algarvia.pt\/inicio\/wp-content\/uploads\/Newsletter-Funda\u00e7\u00e3o-Algarvia-Edi\u00e7\u00e3o-6.pdf\" target=\"_blank\" rel=\"noopener\">Edi\u00e7\u00e3o 6<\/a><\/li>\r\n<\/ul>\r\n<\/li>\r\n<\/ul>\r\n<ul>\r\n \t<li><strong>2018<\/strong>\r\n<ul>\r\n \t<li><a class=\"uk-link-muted\" href=\"https:\/\/fundacao-algarvia.pt\/inicio\/wp-content\/uploads\/Newsletter-Funda\u00e7\u00e3o-Algarvia-Edi\u00e7\u00e3o-7.pdf\" target=\"_blank\" rel=\"noopener\">Edi\u00e7\u00e3o 7<\/a><\/li>\r\n<\/ul>\r\n<\/li>\r\n<\/ul>","protected":false},"excerpt":{"rendered":"<p>Newsletter 2016 Edi\u00e7\u00e3o 1 Edi\u00e7\u00e3o 2 Edi\u00e7\u00e3o 3 2017 Edi\u00e7\u00e3o 4 Edi\u00e7\u00e3o 5 Edi\u00e7\u00e3o 6 2018 Edi\u00e7\u00e3o 7<\/p>\n","protected":false},"author":1,"featured_media":0,"parent":0,"menu_order":0,"comment_status":"closed","ping_status":"closed","template":"","meta":{"footnotes":""},"class_list":["post-975","page","type-page","status-publish","hentry"],"_links":{"self":[{"href":"https:\/\/fundacao-algarvia.pt\/inicio\/wp-json\/wp\/v2\/pages\/975","targetHints":{"allow":["GET"]}}],"collection":[{"href":"https:\/\/fundacao-algarvia.pt\/inicio\/wp-json\/wp\/v2\/pages"}],"about":[{"href":"https:\/\/fundacao-algarvia.pt\/inicio\/wp-json\/wp\/v2\/types\/page"}],"author":[{"embeddable":true,"href":"https:\/\/fundacao-algarvia.pt\/inicio\/wp-json\/wp\/v2\/users\/1"}],"replies":[{"embeddable":true,"href":"https:\/\/fundacao-algarvia.pt\/inicio\/wp-json\/wp\/v2\/comments?post=975"}],"version-history":[{"count":11,"href":"https:\/\/fundacao-algarvia.pt\/inicio\/wp-json\/wp\/v2\/pages\/975\/revisions"}],"predecessor-version":[{"id":1230,"href":"https:\/\/fundacao-algarvia.pt\/inicio\/wp-json\/wp\/v2\/pages\/975\/revisions\/1230"}],"wp:attachment":[{"href":"https:\/\/fundacao-algarvia.pt\/inicio\/wp-json\/wp\/v2\/media?parent=975"}],"curies":[{"name":"wp","href":"https:\/\/api.w.org\/{rel}","templated":true}]}}