{"id":973,"date":"2015-05-02T17:02:36","date_gmt":"2015-05-02T17:02:36","guid":{"rendered":"http:\/\/fundacao-algarvia.pt\/inicio\/?page_id=973"},"modified":"2017-01-07T19:22:35","modified_gmt":"2017-01-07T19:22:35","slug":"donativos","status":"publish","type":"page","link":"https:\/\/fundacao-algarvia.pt\/inicio\/donativos\/","title":{"rendered":"Donativos"},"content":{"rendered":"<a href=\"https:\/\/fundacao-algarvia.pt\/inicio\/wp-content\/uploads\/01.png\"><img loading=\"lazy\" decoding=\"async\" src=\"https:\/\/fundacao-algarvia.pt\/inicio\/wp-content\/uploads\/01.png\" alt=\"01\" width=\"432\" height=\"690\" class=\"alignright size-full wp-image-1025\" \/><\/a>\r\n<div style=\"text-align:justify\">\r\n<h3>Donativos<\/h3>\r\nA <b>Funda\u00e7\u00e3o Algarvia de Desenvolvimento Social (F.A.D.S.)<\/b> \u00e9 uma <b>Institui\u00e7\u00e3o Particular de Solidariedade Social (IPSS)<\/b> e <b>Pessoa Coletiva de Utilidade P\u00fablica<\/b> registada em 12 de Fevereiro de 2001, como funda\u00e7\u00e3o de solidariedade social.<br>\r\nA FADS gere atualmente sete equipamentos sociais, tem 140 colaboradores e d\u00e1 resposta \u00e0s necessidades de mais de 500 fam\u00edlias no \u00e2mbito do apoio social e educativo \u00e0 inf\u00e2ncia e da sa\u00fade.<br>\r\n<b>\u201cOs Viva\u00e7os\u201d<\/b> e a <b>\u201cUCCI de Milreu\u201d<\/b> s\u00e3o a imagem viva do trabalho desenvolvido ao longo dos anos pela FADS.<br>\r\nBrevemente abriremos as portas de mais um Jardim de Inf\u00e2ncia que acolher\u00e1 mais 75 crian\u00e7as. Recebemos todo o material did\u00e1tico, mobili\u00e1rio interior e exterior que puderem doar.<br>\r\n<b>Como a FADS \u00e9 uma IPSS os donativos atribu\u00eddos, em dinheiro ou esp\u00e9cie, s\u00e3o levados a custos em valor correspondente a 140% visto que se destinam a custear apoios \u00e0 inf\u00e2ncia ou \u00e0 terceira idade.<\/b><br>\r\nEnvie-nos por favor, o NIF (N\u00famero Fiscal de Contribuinte) e a indica\u00e7\u00e3o do nome e morada em que deve o recibo ser emitido.<br><br>\r\n<b>Dados Banc\u00e1rios da FADS:<\/b><br>\r\n<ul>\r\n<ol><b>NIB:<\/b> 0007 0000 00025354928 23<\/ol>\r\n\r\n<ol><b>IBAN:<\/b> PT50 0007 0000 0002 5354 9282 3<\/ol>\r\n\r\n<ol><b>SWIFT\/BIC:<\/b> BESCPTPL<\/ol>\r\n\r\n<ol><b>Banco:<\/b> Novo Banco<\/ol>\r\n<\/ul>\r\n<br><br>\r\nEm parceria com a <img loading=\"lazy\" decoding=\"async\" src=\"https:\/\/fundacao-algarvia.pt\/inicio\/wp-content\/uploads\/HappyGreen-Logo.png\" alt=\"HappyGreen Logo\" width=\"221\" height=\"45\" class=\"size-full wp-image-1179\" \/> a Funda\u00e7\u00e3o Algarvia recolhe <b>tinteiros e toners<\/b> participando desta forma no <b>Projeto Happy &#8211; Solidariedade Social<\/b> <a href=\"http:\/\/parcerias.happygreen.pt\/\"> http:\/\/parcerias.happygreen.pt<\/a> \r\n<br><br>\r\n\r\nTraga os seus a qualquer um dos estabelecimentos da Funda\u00e7\u00e3o ou na <img loading=\"lazy\" decoding=\"async\" src=\"https:\/\/fundacao-algarvia.pt\/inicio\/wp-content\/uploads\/RaiseSystems-logo.png\" alt=\"RaiseSystems logo\" width=\"109\" height=\"51\" class=\"size-full wp-image-1180\" \/> e promova um ambiente melhor, ajudando igualmente causas sociais!\r\n<br><br>\r\n\r\nAgradecemos publicamente \u00e0 <img loading=\"lazy\" decoding=\"async\" src=\"https:\/\/fundacao-algarvia.pt\/inicio\/wp-content\/uploads\/logotipo-Multiselect.png\" alt=\"logotipo-multiselect\" width=\"100\" height=\"40\" class=\"size-full wp-image-1204\"\/> , <img loading=\"lazy\" decoding=\"async\" src=\"https:\/\/fundacao-algarvia.pt\/inicio\/wp-content\/uploads\/oie_transparent-1.png\" alt=\"MagnetikCoast\" width=\"200\" height=\"40\" class=\"size-full wp-image-1205\"\/> e \u00e0 <img loading=\"lazy\" decoding=\"async\" src=\"https:\/\/fundacao-algarvia.pt\/inicio\/wp-content\/uploads\/123.jpg\" alt=\"Domotel\" width=\"200\" height=\"40\" class=\"size-full wp-image-1202\" \/> pelo donativo feito \u00e0 Funda\u00e7\u00e3o Algarvia em 2016.\r\n<br><br>\r\nPara qualquer outra informa\u00e7\u00e3o, queira contactar: <a class=\"uk-link-muted\" href=\"mailto:geral@fundacao-algarvia.pt\">geral@fundacao-algarvia.pt<\/a>.<br>\r\nO nosso muito obrigado!<br><br>\r\n<\/div>","protected":false},"excerpt":{"rendered":"<p>Donativos A Funda\u00e7\u00e3o Algarvia de Desenvolvimento Social (F.A.D.S.) \u00e9 uma Institui\u00e7\u00e3o Particular de Solidariedade Social (IPSS) e Pessoa Coletiva de Utilidade P\u00fablica registada em 12 de Fevereiro de 2001, como funda\u00e7\u00e3o de solidariedade social. A FADS gere atualmente sete equipamentos sociais, tem 140 colaboradores e d\u00e1 resposta \u00e0s necessidades de mais de 500 fam\u00edlias no [&hellip;]<\/p>\n","protected":false},"author":1,"featured_media":0,"parent":0,"menu_order":0,"comment_status":"closed","ping_status":"closed","template":"","meta":{"footnotes":""},"class_list":["post-973","page","type-page","status-publish","hentry"],"_links":{"self":[{"href":"https:\/\/fundacao-algarvia.pt\/inicio\/wp-json\/wp\/v2\/pages\/973","targetHints":{"allow":["GET"]}}],"collection":[{"href":"https:\/\/fundacao-algarvia.pt\/inicio\/wp-json\/wp\/v2\/pages"}],"about":[{"href":"https:\/\/fundacao-algarvia.pt\/inicio\/wp-json\/wp\/v2\/types\/page"}],"author":[{"embeddable":true,"href":"https:\/\/fundacao-algarvia.pt\/inicio\/wp-json\/wp\/v2\/users\/1"}],"replies":[{"embeddable":true,"href":"https:\/\/fundacao-algarvia.pt\/inicio\/wp-json\/wp\/v2\/comments?post=973"}],"version-history":[{"count":11,"href":"https:\/\/fundacao-algarvia.pt\/inicio\/wp-json\/wp\/v2\/pages\/973\/revisions"}],"predecessor-version":[{"id":1217,"href":"https:\/\/fundacao-algarvia.pt\/inicio\/wp-json\/wp\/v2\/pages\/973\/revisions\/1217"}],"wp:attachment":[{"href":"https:\/\/fundacao-algarvia.pt\/inicio\/wp-json\/wp\/v2\/media?parent=973"}],"curies":[{"name":"wp","href":"https:\/\/api.w.org\/{rel}","templated":true}]}}