{"id":971,"date":"2015-05-02T17:02:15","date_gmt":"2015-05-02T17:02:15","guid":{"rendered":"http:\/\/fundacao-algarvia.pt\/inicio\/?page_id=971"},"modified":"2016-08-10T10:56:34","modified_gmt":"2016-08-10T10:56:34","slug":"voluntariado","status":"publish","type":"page","link":"https:\/\/fundacao-algarvia.pt\/inicio\/voluntariado\/","title":{"rendered":"Voluntariado"},"content":{"rendered":"<div style=\"text-align:justify\">\r\n<h3>Voluntariado<\/h3>\r\nNo espirito de solidariedade que nos move, promovemos a abertura e a troca de viv\u00eancias junto da comunidade que nos envolve. Poder\u00e1 partilhar o seu tempo e experi\u00eancias connosco de forma desinteressada e respons\u00e1vel, com car\u00e1ter permanente ou de forma mais pontual.\r\n<br><br>\r\nContar hist\u00f3rias \u00e0s nossas crian\u00e7as, ajudar nas refei\u00e7\u00f5es dos nossos utentes ou auxiliar de alguma forma os nossos colaboradores s\u00e3o apenas alguns exemplos do que pode fazer junto de n\u00f3s. Traga boa vontade e sorrisos em troca de uma experi\u00eancia enriquecedora e reconhecimento dos nossos mi\u00fados e gra\u00fados!\r\n<br><br>\r\nCom v\u00e1rios estabelecimentos em diferentes zonas geogr\u00e1ficas, estaremos certamente perto de si!\r\n\r\n<br><br>\r\n\r\n<\/div>","protected":false},"excerpt":{"rendered":"<p>Voluntariado No espirito de solidariedade que nos move, promovemos a abertura e a troca de viv\u00eancias junto da comunidade que nos envolve. Poder\u00e1 partilhar o seu tempo e experi\u00eancias connosco de forma desinteressada e respons\u00e1vel, com car\u00e1ter permanente ou de forma mais pontual. Contar hist\u00f3rias \u00e0s nossas crian\u00e7as, ajudar nas refei\u00e7\u00f5es dos nossos utentes ou [&hellip;]<\/p>\n","protected":false},"author":1,"featured_media":0,"parent":0,"menu_order":0,"comment_status":"closed","ping_status":"closed","template":"","meta":{"footnotes":""},"class_list":["post-971","page","type-page","status-publish","hentry"],"_links":{"self":[{"href":"https:\/\/fundacao-algarvia.pt\/inicio\/wp-json\/wp\/v2\/pages\/971","targetHints":{"allow":["GET"]}}],"collection":[{"href":"https:\/\/fundacao-algarvia.pt\/inicio\/wp-json\/wp\/v2\/pages"}],"about":[{"href":"https:\/\/fundacao-algarvia.pt\/inicio\/wp-json\/wp\/v2\/types\/page"}],"author":[{"embeddable":true,"href":"https:\/\/fundacao-algarvia.pt\/inicio\/wp-json\/wp\/v2\/users\/1"}],"replies":[{"embeddable":true,"href":"https:\/\/fundacao-algarvia.pt\/inicio\/wp-json\/wp\/v2\/comments?post=971"}],"version-history":[{"count":4,"href":"https:\/\/fundacao-algarvia.pt\/inicio\/wp-json\/wp\/v2\/pages\/971\/revisions"}],"predecessor-version":[{"id":1165,"href":"https:\/\/fundacao-algarvia.pt\/inicio\/wp-json\/wp\/v2\/pages\/971\/revisions\/1165"}],"wp:attachment":[{"href":"https:\/\/fundacao-algarvia.pt\/inicio\/wp-json\/wp\/v2\/media?parent=971"}],"curies":[{"name":"wp","href":"https:\/\/api.w.org\/{rel}","templated":true}]}}