{"id":1282,"date":"2025-01-27T11:56:10","date_gmt":"2025-01-27T11:56:10","guid":{"rendered":"https:\/\/fundacao-algarvia.pt\/inicio\/?page_id=1282"},"modified":"2025-01-27T12:03:47","modified_gmt":"2025-01-27T12:03:47","slug":"canal-de-denuncia-interna","status":"publish","type":"page","link":"https:\/\/fundacao-algarvia.pt\/inicio\/canal-de-denuncia-interna\/","title":{"rendered":"Canal de Den\u00fancia Interna"},"content":{"rendered":"\n<h1 class=\"wp-block-heading\">Canal de Den\u00fancia Interna<\/h1>\n\n\n\n<p>Para os devidos efeitos informa-se que, dando cumprimento ao disposto no n\u00ba 1 do artigo oitavo da Lei 93\/2021 de 21 de dezembro, esta institui\u00e7\u00e3o tem em funcionamento&nbsp;<strong>o seu<\/strong>&nbsp;<strong>canal de den\u00fancia interna.<\/strong><\/p>\n\n\n\n<h2 class=\"wp-block-heading\">Como pode efetuar a sua den\u00fancia?<\/h2>\n\n\n\n<h3 class=\"wp-block-heading\">Via Postal<\/h3>\n\n\n\n<p>Poder\u00e1 enviar a sua den\u00fancia, ou com a sua identifica\u00e7\u00e3o ou anonimamente, para o seguinte endere\u00e7o:<br><strong>Canal de Den\u00fancia Interna<\/strong> (<strong>com a men\u00e7\u00e3o de confidencial)<\/strong><br><strong>Rua Almirante Ant\u00f3nio Ramalho Ortig\u00e3o, 38, R\/C<br>8000-536 Faro<\/strong><\/p>\n\n\n\n<h3 class=\"wp-block-heading\">Presencial<\/h3>\n\n\n\n<p>Atrav\u00e9s do endere\u00e7o acima referido pode pedir que lhe seja marcada uma data e hora para apresentar a sua den\u00fancia presencialmente.<\/p>\n\n\n\n<h3 class=\"wp-block-heading\">E-mail<\/h3>\n\n\n\n<p>Poder\u00e1 ainda apresentar a sua den\u00fancia, identificando-se ou anonimamente, atrav\u00e9s do\u00a0<strong>Endere\u00e7o de email:\u00a0<\/strong><a href=\"mailto:denuncias@fundacao-algarvia.pt\">denuncias@fundacao-algarvia.pt<\/a><\/p>\n\n\n\n<h3 class=\"wp-block-heading\">Telefone<\/h3>\n\n\n\n<p><strong>Linha telef\u00f3nica:\u00a0<\/strong><a href=\"tel: +351 289 806 176\">289 806 176<\/a>\u00a0(Chamada para rede fixa nacional).<\/p>\n\n\n\n<p><\/p>\n","protected":false},"excerpt":{"rendered":"<p>Canal de Den\u00fancia Interna Para os devidos efeitos informa-se que, dando cumprimento ao disposto no n\u00ba 1 do artigo oitavo da Lei 93\/2021 de 21 de dezembro, esta institui\u00e7\u00e3o tem em funcionamento&nbsp;o seu&nbsp;canal de den\u00fancia interna. Como pode efetuar a sua den\u00fancia? Via Postal Poder\u00e1 enviar a sua den\u00fancia, ou com a sua identifica\u00e7\u00e3o ou [&hellip;]<\/p>\n","protected":false},"author":1,"featured_media":0,"parent":0,"menu_order":0,"comment_status":"closed","ping_status":"closed","template":"","meta":{"footnotes":""},"class_list":["post-1282","page","type-page","status-publish","hentry"],"_links":{"self":[{"href":"https:\/\/fundacao-algarvia.pt\/inicio\/wp-json\/wp\/v2\/pages\/1282","targetHints":{"allow":["GET"]}}],"collection":[{"href":"https:\/\/fundacao-algarvia.pt\/inicio\/wp-json\/wp\/v2\/pages"}],"about":[{"href":"https:\/\/fundacao-algarvia.pt\/inicio\/wp-json\/wp\/v2\/types\/page"}],"author":[{"embeddable":true,"href":"https:\/\/fundacao-algarvia.pt\/inicio\/wp-json\/wp\/v2\/users\/1"}],"replies":[{"embeddable":true,"href":"https:\/\/fundacao-algarvia.pt\/inicio\/wp-json\/wp\/v2\/comments?post=1282"}],"version-history":[{"count":5,"href":"https:\/\/fundacao-algarvia.pt\/inicio\/wp-json\/wp\/v2\/pages\/1282\/revisions"}],"predecessor-version":[{"id":1288,"href":"https:\/\/fundacao-algarvia.pt\/inicio\/wp-json\/wp\/v2\/pages\/1282\/revisions\/1288"}],"wp:attachment":[{"href":"https:\/\/fundacao-algarvia.pt\/inicio\/wp-json\/wp\/v2\/media?parent=1282"}],"curies":[{"name":"wp","href":"https:\/\/api.w.org\/{rel}","templated":true}]}}