{"id":1142,"date":"2016-02-23T20:26:11","date_gmt":"2016-02-23T20:26:11","guid":{"rendered":"http:\/\/fundacao-algarvia.pt\/inicio\/?page_id=1142"},"modified":"2016-09-28T14:56:11","modified_gmt":"2016-09-28T14:56:11","slug":"formacao","status":"publish","type":"page","link":"https:\/\/fundacao-algarvia.pt\/inicio\/formacao\/","title":{"rendered":"Forma\u00e7\u00e3o"},"content":{"rendered":"<h1>Forma\u00e7\u00e3o<\/h1>\r\n<p>A breve trecho a Funda\u00e7\u00e3o obter\u00e1 a respetiva certifica\u00e7\u00e3o como entidade formadora nas seguintes \u00e1reas:<\/p>\r\n\r\n<p>C\u00f3digos CNAEF:<\/p>\r\n<ul>\r\n\t<li>143 (Forma\u00e7\u00e3o de educadores de inf\u00e2ncia)<\/li>\r\n\t<li>729 (Sa\u00fade)<\/li>\r\n\t<li>761 (Servi\u00e7os de apoio a crian\u00e7as e jovens)<\/li>\r\n\t<li>762 (Trabalho social e orienta\u00e7\u00e3o)<\/li>\r\n<\/ul>\r\n\r\n<p>Para o efeito, com vista ao Levantamento das Necessidades de Forma\u00e7\u00e3o e para que possamos ir ao encontro das expetativas e desejos de todos no que \u00e0 forma\u00e7\u00e3o respeita, solicitamos o preenchimento de um question\u00e1rio, bastando clicar <a class=\"uk-link-muted\" href=\"https:\/\/pt.surveymonkey.com\/r\/FADS_022016\" target=\"_blank\">aqui<\/a>.<\/p>\r\n\r\n<p>Agradecemos a vossa colabora\u00e7\u00e3o!<\/p>","protected":false},"excerpt":{"rendered":"<p>Forma\u00e7\u00e3o A breve trecho a Funda\u00e7\u00e3o obter\u00e1 a respetiva certifica\u00e7\u00e3o como entidade formadora nas seguintes \u00e1reas: C\u00f3digos CNAEF: 143 (Forma\u00e7\u00e3o de educadores de inf\u00e2ncia) 729 (Sa\u00fade) 761 (Servi\u00e7os de apoio a crian\u00e7as e jovens) 762 (Trabalho social e orienta\u00e7\u00e3o) Para o efeito, com vista ao Levantamento das Necessidades de Forma\u00e7\u00e3o e para que possamos ir [&hellip;]<\/p>\n","protected":false},"author":1,"featured_media":0,"parent":0,"menu_order":0,"comment_status":"closed","ping_status":"closed","template":"","meta":{"footnotes":""},"class_list":["post-1142","page","type-page","status-publish","hentry"],"_links":{"self":[{"href":"https:\/\/fundacao-algarvia.pt\/inicio\/wp-json\/wp\/v2\/pages\/1142","targetHints":{"allow":["GET"]}}],"collection":[{"href":"https:\/\/fundacao-algarvia.pt\/inicio\/wp-json\/wp\/v2\/pages"}],"about":[{"href":"https:\/\/fundacao-algarvia.pt\/inicio\/wp-json\/wp\/v2\/types\/page"}],"author":[{"embeddable":true,"href":"https:\/\/fundacao-algarvia.pt\/inicio\/wp-json\/wp\/v2\/users\/1"}],"replies":[{"embeddable":true,"href":"https:\/\/fundacao-algarvia.pt\/inicio\/wp-json\/wp\/v2\/comments?post=1142"}],"version-history":[{"count":7,"href":"https:\/\/fundacao-algarvia.pt\/inicio\/wp-json\/wp\/v2\/pages\/1142\/revisions"}],"predecessor-version":[{"id":1188,"href":"https:\/\/fundacao-algarvia.pt\/inicio\/wp-json\/wp\/v2\/pages\/1142\/revisions\/1188"}],"wp:attachment":[{"href":"https:\/\/fundacao-algarvia.pt\/inicio\/wp-json\/wp\/v2\/media?parent=1142"}],"curies":[{"name":"wp","href":"https:\/\/api.w.org\/{rel}","templated":true}]}}