{"id":1051,"date":"2015-06-02T02:03:17","date_gmt":"2015-06-02T02:03:17","guid":{"rendered":"http:\/\/fundacao-algarvia.pt\/inicio\/?page_id=1051"},"modified":"2015-10-20T14:06:45","modified_gmt":"2015-10-20T14:06:45","slug":"a-nossa-historia-saude","status":"publish","type":"page","link":"https:\/\/fundacao-algarvia.pt\/inicio\/a-nossa-historia-saude\/","title":{"rendered":"A Nossa Hist\u00f3ria"},"content":{"rendered":"<div style=\"text-align:justify\">\r\n<h3>A nossa hist\u00f3ria<\/h3>\r\nAberta \u00e0 comunidade em 7 de outubro de 2013 e inaugurada em janeiro de 2014, a <b>Unidade de Cuidados Continuados de Longa Dura\u00e7\u00e3o e Manuten\u00e7\u00e3o de Milreu<\/b>, em Estoi, surge, ao abrigo do contrato-programa com a ARS Algarve e o Instituto de Seguran\u00e7a Social.<br>\r\nCom exce\u00e7\u00e3o do 1.\u00ba m\u00eas de funcionamento, verificou-se sempre uma capacidade ocupada perto dos 100%.<br>\r\nNo total, a Unidade de Milreu acolhe 47 utentes, prestando um servi\u00e7o cont\u00ednuo e personalizado, fruto de condi\u00e7\u00f5es f\u00edsicas de qualidade e de um quadro de pessoal qualificado e dedicado.<br>\r\nPretende ser uma unidade de refer\u00eancia da Rede Nacional de Cuidados Continuados Integrados (RNCCI) pela excel\u00eancia dos cuidados prestados, pela promo\u00e7\u00e3o de uma cultura de aprendizagem e aperfei\u00e7oamento cont\u00ednuos, pelo incentivo \u00e0 ado\u00e7\u00e3o das melhores pr\u00e1ticas, pela orienta\u00e7\u00e3o para a obten\u00e7\u00e3o de resultados em sa\u00fade, para a satisfa\u00e7\u00e3o dos utentes e dos profissionais que a\u00ed desenvolvem a sua atividade.<br>\r\nA Unidade de Milreu presta os seguintes cuidados e servi\u00e7os:<br>\r\n<ul>\r\n\t<li>Atividades de manuten\u00e7\u00e3o e de estimula\u00e7\u00e3o;<\/li>\r\n\t<li>Cuidados de enfermagem di\u00e1rios;<\/li>\r\n\t<li>Cuidados m\u00e9dicos;<\/li>\r\n\t<li>Prescri\u00e7\u00e3o e administra\u00e7\u00e3o de f\u00e1rmacos;<\/li>\r\n\t<li>Apoio psicossocial;<\/li>\r\n\t<li>Cuidados de fisioterapia e terapia ocupacional;<\/li>\r\n\t<li>Anima\u00e7\u00e3o sociocultural;<\/li>\r\n\t<li>Higiene, conforto e alimenta\u00e7\u00e3o;<\/li>\r\n\t<li>Apoio no desempenho das atividades de vida di\u00e1ria;<\/li>\r\n\t<li>Apoio nas atividades instrumentais de vida di\u00e1ria;<\/li>\r\n\t<li>Os demais servi\u00e7os e atividades inerentes ao funcionamento da Unidade.<\/li>\r\n<\/ul>\r\n<\/br><br>\r\nTendo como miss\u00e3o assegurar um conjunto de cuidados de sa\u00fade e\/ou de apoio social, promovendo a autonomia e melhorando a funcionalidade da pessoa em situa\u00e7\u00e3o de depend\u00eancia, a Unidade de Milreu aposta na vertente humana e na capacidade de a\u00e7\u00e3o dos seus profissionais para todos os dias realizar pequenos milagres.\r\n<br><br>\r\n<\/div>","protected":false},"excerpt":{"rendered":"<p>A nossa hist\u00f3ria Aberta \u00e0 comunidade em 7 de outubro de 2013 e inaugurada em janeiro de 2014, a Unidade de Cuidados Continuados de Longa Dura\u00e7\u00e3o e Manuten\u00e7\u00e3o de Milreu, em Estoi, surge, ao abrigo do contrato-programa com a ARS Algarve e o Instituto de Seguran\u00e7a Social. Com exce\u00e7\u00e3o do 1.\u00ba m\u00eas de funcionamento, verificou-se [&hellip;]<\/p>\n","protected":false},"author":1,"featured_media":0,"parent":0,"menu_order":0,"comment_status":"closed","ping_status":"closed","template":"","meta":{"footnotes":""},"class_list":["post-1051","page","type-page","status-publish","hentry"],"_links":{"self":[{"href":"https:\/\/fundacao-algarvia.pt\/inicio\/wp-json\/wp\/v2\/pages\/1051","targetHints":{"allow":["GET"]}}],"collection":[{"href":"https:\/\/fundacao-algarvia.pt\/inicio\/wp-json\/wp\/v2\/pages"}],"about":[{"href":"https:\/\/fundacao-algarvia.pt\/inicio\/wp-json\/wp\/v2\/types\/page"}],"author":[{"embeddable":true,"href":"https:\/\/fundacao-algarvia.pt\/inicio\/wp-json\/wp\/v2\/users\/1"}],"replies":[{"embeddable":true,"href":"https:\/\/fundacao-algarvia.pt\/inicio\/wp-json\/wp\/v2\/comments?post=1051"}],"version-history":[{"count":3,"href":"https:\/\/fundacao-algarvia.pt\/inicio\/wp-json\/wp\/v2\/pages\/1051\/revisions"}],"predecessor-version":[{"id":1114,"href":"https:\/\/fundacao-algarvia.pt\/inicio\/wp-json\/wp\/v2\/pages\/1051\/revisions\/1114"}],"wp:attachment":[{"href":"https:\/\/fundacao-algarvia.pt\/inicio\/wp-json\/wp\/v2\/media?parent=1051"}],"curies":[{"name":"wp","href":"https:\/\/api.w.org\/{rel}","templated":true}]}}